{"id":685,"date":"2020-12-15T12:22:46","date_gmt":"2020-12-15T11:22:46","guid":{"rendered":"http:\/\/dunkelvolk.eu\/right-of-cancellation\/"},"modified":"2021-01-04T09:45:20","modified_gmt":"2021-01-04T08:45:20","slug":"right-of-cancellation","status":"publish","type":"page","link":"https:\/\/dunkelvolk.eu\/en\/right-of-cancellation\/","title":{"rendered":"Right of cancellation"},"content":{"rendered":"<p><u>Widerrufsformular<\/u><\/p>\n<p>Im Fall, da\u00df Du die Bestellung stornieren und somit den Vertrag widerrufen willst,\u00a0 f\u00fclle bitte dieses Formular aus und schicke es retour an:<\/p>\n<p>Dunkelvolk Europe, Landstra\u00dfer Hauptstra\u00dfe 146\/6C\/7, 1030 Wien.<\/p>\n<p>oder per Mail an: info@dunkelvolk-europe.com.<\/p>\n<p>Hiermit widerrufe ich den von mir abgeschlossenen Vertrag \u00fcber den Kauf der folgenden Waren<\/p>\n<p>Bestellnummer \u2026&#8230;&#8230;&#8230;&#8230;&#8230;&#8230;&#8230;&#8230;&#8230;&#8230;&#8230;&#8230;&#8230;&#8230;.<\/p>\n<p>Bestelldatum\u2026&#8230;&#8230;&#8230;&#8230;&#8230;&#8230;&#8230;&#8230;&#8230;&#8230;&#8230;&#8230;&#8230;&#8230;.<\/p>\n<p>Name \u2026&#8230;&#8230;&#8230;&#8230;&#8230;&#8230;&#8230;&#8230;&#8230;&#8230;&#8230;&#8230;&#8230;&#8230;.<\/p>\n<p>\u00dcbernahmedatum \u2026&#8230;&#8230;&#8230;&#8230;&#8230;&#8230;&#8230;&#8230;&#8230;&#8230;&#8230;&#8230;&#8230;&#8230;.<\/p>\n<p>Waren \u2026&#8230;&#8230;&#8230;&#8230;&#8230;&#8230;&#8230;&#8230;&#8230;&#8230;&#8230;&#8230;&#8230;&#8230;.<\/p>\n<p>Datum\u2026&#8230;&#8230;&#8230;&#8230;&#8230;&#8230;&#8230;&#8230;<\/p>\n<p>++++++++++++++++++++++++++++++++++++++++++++++++++++++++++++++++++++++++++++++++++<\/p>\n<p><u>Withdrawal Form<\/u><\/p>\n<p>In case you want to cancel your order and withdraw from contract please fill out this form and send it back to:<\/p>\n<p>Dunkelvolk Europe, Landstra\u00dfer Hauptstra\u00dfe 146\/6C\/7, 1030 Vienna\/Austria.<\/p>\n<p>or via email to: info@dunkelvolk-europe.com.<\/p>\n<p>I withdraw from the contract of purchase the following goods:<\/p>\n<p>Order number \u2026&#8230;&#8230;&#8230;&#8230;&#8230;&#8230;&#8230;&#8230;&#8230;&#8230;&#8230;&#8230;&#8230;&#8230;.<\/p>\n<p>Date of order\u2026&#8230;&#8230;&#8230;&#8230;&#8230;&#8230;&#8230;&#8230;&#8230;&#8230;&#8230;&#8230;&#8230;&#8230;.<\/p>\n<p>Name \u2026&#8230;&#8230;&#8230;&#8230;&#8230;&#8230;&#8230;&#8230;&#8230;&#8230;&#8230;&#8230;&#8230;&#8230;.<\/p>\n<p>Date of receiving \u2026&#8230;&#8230;&#8230;&#8230;&#8230;&#8230;&#8230;&#8230;&#8230;&#8230;&#8230;&#8230;&#8230;&#8230;.<\/p>\n<p>Good(s)\u2026&#8230;&#8230;&#8230;&#8230;&#8230;&#8230;&#8230;&#8230;&#8230;&#8230;&#8230;&#8230;&#8230;&#8230;.<\/p>\n<p>Date\u2026&#8230;&#8230;&#8230;&#8230;&#8230;&#8230;&#8230;&#8230;<\/p>\n","protected":false},"excerpt":{"rendered":"<p>Widerrufsformular Im Fall, da\u00df Du die Bestellung stornieren und somit den Vertrag widerrufen willst,\u00a0 f\u00fclle bitte dieses Formular aus und schicke es retour an: Dunkelvolk Europe, Landstra\u00dfer Hauptstra\u00dfe 146\/6C\/7, 1030 Wien. oder per Mail an: info@dunkelvolk-europe.com. Hiermit widerrufe ich den von mir abgeschlossenen Vertrag \u00fcber den Kauf der folgenden Waren Bestellnummer \u2026&#8230;&#8230;&#8230;&#8230;&#8230;&#8230;&#8230;&#8230;&#8230;&#8230;&#8230;&#8230;&#8230;&#8230;. Bestelldatum\u2026&#8230;&#8230;&#8230;&#8230;&#8230;&#8230;&#8230;&#8230;&#8230;&#8230;&#8230;&#8230;&#8230;&#8230;. Name \u2026&#8230;&#8230;&#8230;&#8230;&#8230;&#8230;&#8230;&#8230;&#8230;&#8230;&#8230;&#8230;&#8230;&#8230;. [&hellip;]<\/p>\n","protected":false},"author":1,"featured_media":0,"parent":0,"menu_order":0,"comment_status":"closed","ping_status":"closed","template":"page-templates\/page_fullwidth.php","meta":[],"_links":{"self":[{"href":"https:\/\/dunkelvolk.eu\/en\/wp-json\/wp\/v2\/pages\/685"}],"collection":[{"href":"https:\/\/dunkelvolk.eu\/en\/wp-json\/wp\/v2\/pages"}],"about":[{"href":"https:\/\/dunkelvolk.eu\/en\/wp-json\/wp\/v2\/types\/page"}],"author":[{"embeddable":true,"href":"https:\/\/dunkelvolk.eu\/en\/wp-json\/wp\/v2\/users\/1"}],"replies":[{"embeddable":true,"href":"https:\/\/dunkelvolk.eu\/en\/wp-json\/wp\/v2\/comments?post=685"}],"version-history":[{"count":6,"href":"https:\/\/dunkelvolk.eu\/en\/wp-json\/wp\/v2\/pages\/685\/revisions"}],"predecessor-version":[{"id":2339,"href":"https:\/\/dunkelvolk.eu\/en\/wp-json\/wp\/v2\/pages\/685\/revisions\/2339"}],"wp:attachment":[{"href":"https:\/\/dunkelvolk.eu\/en\/wp-json\/wp\/v2\/media?parent=685"}],"curies":[{"name":"wp","href":"https:\/\/api.w.org\/{rel}","templated":true}]}}